{"id":5677,"date":"2022-11-18T09:49:35","date_gmt":"2022-11-18T08:49:35","guid":{"rendered":"https:\/\/admrbresserevermont.com\/?page_id=5677"},"modified":"2024-02-13T11:37:46","modified_gmt":"2024-02-13T10:37:46","slug":"nos-intervenants","status":"publish","type":"page","link":"https:\/\/admrbresserevermont.com\/index.php\/nos-intervenants\/","title":{"rendered":"NOS INTERVENANTS"},"content":{"rendered":"<div data-colibri-id=\"5677-c1\" class=\"style-733 style-local-5677-c1 position-relative\">\n  <!---->\n  <div data-colibri-component=\"section\" data-colibri-id=\"5677-c2\" id=\"about\" class=\"h-section h-section-global-spacing d-flex align-items-lg-center align-items-md-center align-items-center style-734 style-local-5677-c2 position-relative\">\n    <!---->\n    <!---->\n    <div class=\"h-section-grid-container h-section-fluid-container\">\n      <!---->\n      <div data-colibri-id=\"5677-c3\" class=\"h-row-container gutters-row-lg-0 gutters-row-md-0 gutters-row-0 gutters-row-v-lg-0 gutters-row-v-md-0 gutters-row-v-0 style-735 style-local-5677-c3 position-relative\">\n        <!---->\n        <div class=\"h-row justify-content-lg-center justify-content-md-center justify-content-center align-items-lg-stretch align-items-md-stretch align-items-stretch gutters-col-lg-0 gutters-col-md-0 gutters-col-0 gutters-col-v-lg-0 gutters-col-v-md-0 gutters-col-v-0\">\n          <!---->\n          <div class=\"h-column h-column-container d-flex h-col-lg-auto h-col-md-auto h-col-auto style-736-outer style-local-5677-c4-outer\">\n            <div data-colibri-id=\"5677-c4\" class=\"d-flex h-flex-basis h-column__inner h-ui-empty-state-container h-px-lg-0 h-px-md-0 h-px-0 v-inner-lg-0 v-inner-md-0 v-inner-0 style-736 style-local-5677-c4 position-relative\">\n              <!---->\n              <!---->\n              <div class=\"w-100 h-y-container h-column__content h-column__v-align flex-basis-100\">\n                <!---->\n              <\/div>\n            <\/div>\n          <\/div>\n          <div class=\"h-column h-column-container d-flex h-col-lg-auto h-col-md-auto h-col-auto style-737-outer style-local-5677-c5-outer\">\n            <div data-colibri-id=\"5677-c5\" class=\"d-flex h-flex-basis h-column__inner h-px-lg-2 h-px-md-2 h-px-2 v-inner-lg-2 v-inner-md-2 v-inner-2 style-737 style-local-5677-c5 position-relative\">\n              <!---->\n              <!---->\n              <div class=\"w-100 h-y-container h-column__content h-column__v-align flex-basis-100 align-self-lg-start align-self-md-start align-self-start\">\n                <!---->\n                <div data-colibri-id=\"5677-c6\" class=\"h-global-transition-all h-heading style-739 style-local-5677-c6 position-relative h-element\">\n                  <!---->\n                  <div class=\"h-heading__outer style-739 style-local-5677-c6\">\n                    <!---->\n                    <!---->\n                    <h2 class=\"\"><span style=\"font-size: 66%;\">Mara-Sofia MORALES, <\/span><em style=\"font-family: &quot;Playfair Display&quot;; color: rgb(32, 174, 236); font-size: 66%;\">c\u00e9ramiste<\/em><\/h2>\n                  <\/div>\n                <\/div>\n                <div data-colibri-id=\"5677-c7\" class=\"h-text h-text-component style-740 style-local-5677-c7 position-relative h-element\">\n                  <!---->\n                  <!---->\n                  <div class=\"\">\n                    <p>Elle apprend les gestes simples pour modeler la terre et prendre du plaisir \u00e0 r\u00e9aliser de beaux objets.<\/p>\n                  <\/div>\n                <\/div>\n                <div data-colibri-id=\"5677-c8\" class=\"h-text h-text-component style-741 style-local-5677-c8 position-relative h-element\">\n                  <!---->\n                  <!---->\n                  <div class=\"\">\n                    <p><strong>Ters art &amp; c\u00e9ramique&nbsp;<\/strong><\/p>\n                    <p>611 Cleyriat 01270, Salavre France<\/p>\n                    <p>\n                      <a href=\"mailto:ters.artceramique@gmail.com\" style=\"color: rgb(32, 174, 236); font-weight: 600;\">ters.artceramique@gmail.com<\/a><span style=\"color: rgb(32, 174, 236); font-weight: 600;\"><span class=\"ql-cursor\">\ufeff<\/span><\/span>\n                    <\/p>\n                    <p>07 66 62 69 80<\/p>\n                    <p>www.ters-art-ceramique.fr<\/p>\n                  <\/div>\n                <\/div>\n              <\/div>\n            <\/div>\n          <\/div>\n        <\/div>\n      <\/div>\n    <\/div>\n  <\/div>\n  <div data-colibri-component=\"section\" data-colibri-id=\"5677-c9\" id=\"reusable-sections-2\" class=\"h-section h-section-global-spacing d-flex align-items-lg-center align-items-md-center align-items-center style-939 style-local-5677-c9 position-relative\">\n    <!---->\n    <!---->\n    <div class=\"h-section-grid-container h-section-boxed-container\">\n      <!---->\n      <div data-colibri-id=\"5677-c10\" class=\"h-row-container gutters-row-lg-0 gutters-row-md-0 gutters-row-0 gutters-row-v-lg-0 gutters-row-v-md-0 gutters-row-v-0 style-940 style-local-5677-c10 position-relative\">\n        <!---->\n        <div class=\"h-row justify-content-lg-center justify-content-md-center justify-content-center align-items-lg-stretch align-items-md-stretch align-items-stretch gutters-col-lg-0 gutters-col-md-0 gutters-col-0 gutters-col-v-lg-0 gutters-col-v-md-0 gutters-col-v-0\">\n          <!---->\n          <div class=\"h-column h-column-container d-flex h-col-lg h-col-md h-col-auto style-941-outer style-local-5677-c11-outer\">\n            <div data-colibri-id=\"5677-c11\" class=\"d-flex h-flex-basis h-column__inner h-px-lg-0 h-px-md-0 h-px-0 v-inner-lg-0 v-inner-md-0 v-inner-0 style-941 style-local-5677-c11 position-relative\">\n              <!---->\n              <!---->\n              <div class=\"w-100 h-y-container h-column__content h-column__v-align flex-basis-100 align-self-lg-start align-self-md-start align-self-start\">\n                <!---->\n                <div data-colibri-id=\"5677-c12\" class=\"h-global-transition-all h-heading style-942 style-local-5677-c12 position-relative h-element\">\n                  <!---->\n                  <div class=\"h-heading__outer style-942 style-local-5677-c12\">\n                    <!---->\n                    <!---->\n                    <h2 class=\"\"><span style=\"font-size: 66%;\">Claudine LECOT, <\/span><em style=\"font-family: &quot;Playfair Display&quot;; color: rgb(32, 174, 236); font-size: 66%;\">sophrologue<\/em><\/h2>\n                  <\/div>\n                <\/div>\n                <div data-colibri-id=\"5677-c13\" class=\"h-text h-text-component style-943 style-local-5677-c13 position-relative h-element\">\n                  <!---->\n                  <!---->\n                  <div class=\"\">\n                    <p>Elle anime des ateliers de relaxation, d\u00e9tente et bien-\u00eatre.<\/p>\n                  <\/div>\n                <\/div>\n                <div data-colibri-id=\"5677-c14\" class=\"h-text h-text-component style-944 style-local-5677-c14 position-relative h-element\">\n                  <!---->\n                  <!---->\n                  <div class=\"\">\n                    <p><strong>Cabinet Brou Victor Hugo<\/strong><\/p>\n                    <p>62 boulevard Victor Hugo<\/p>\n                    <p>01000 Bourg-en-Bresse<\/p>\n                    <p>claudine.lecot@yahoo.fr<\/p>\n                    <p>07 17 53 45 72<\/p>\n                  <\/div>\n                <\/div>\n              <\/div>\n            <\/div>\n          <\/div>\n          <div class=\"h-column h-column-container d-flex h-col-lg-auto h-col-md-auto h-col-auto style-945-outer style-local-5677-c15-outer\">\n            <div data-colibri-id=\"5677-c15\" class=\"d-flex h-flex-basis h-column__inner h-ui-empty-state-container h-px-lg-2 h-px-md-2 h-px-2 v-inner-lg-2 v-inner-md-2 v-inner-2 style-945 style-local-5677-c15 position-relative\">\n              <!---->\n              <!---->\n              <div class=\"w-100 h-y-container h-column__content h-column__v-align flex-basis-100\">\n                <!---->\n              <\/div>\n            <\/div>\n          <\/div>\n        <\/div>\n      <\/div>\n    <\/div>\n  <\/div>\n  <div data-colibri-component=\"section\" data-colibri-id=\"5677-c16\" id=\"about-3\" class=\"h-section h-section-global-spacing d-flex align-items-lg-center align-items-md-center align-items-center style-750 style-local-5677-c16 position-relative\">\n    <!---->\n    <!---->\n    <div class=\"h-section-grid-container h-section-fluid-container\">\n      <!---->\n      <div data-colibri-id=\"5677-c17\" class=\"h-row-container gutters-row-lg-0 gutters-row-md-0 gutters-row-0 gutters-row-v-lg-0 gutters-row-v-md-0 gutters-row-v-0 style-751 style-local-5677-c17 position-relative\">\n        <!---->\n        <div class=\"h-row justify-content-lg-center justify-content-md-center justify-content-center align-items-lg-stretch align-items-md-stretch align-items-stretch gutters-col-lg-0 gutters-col-md-0 gutters-col-0 gutters-col-v-lg-0 gutters-col-v-md-0 gutters-col-v-0\">\n          <!---->\n          <div class=\"h-column h-column-container d-flex h-col-lg-auto h-col-md-auto h-col-auto style-752-outer style-local-5677-c18-outer\">\n            <div data-colibri-id=\"5677-c18\" class=\"d-flex h-flex-basis h-column__inner h-ui-empty-state-container h-px-lg-0 h-px-md-0 h-px-0 v-inner-lg-0 v-inner-md-0 v-inner-0 style-752 style-local-5677-c18 position-relative\">\n              <!---->\n              <!---->\n              <div class=\"w-100 h-y-container h-column__content h-column__v-align flex-basis-100\">\n                <!---->\n              <\/div>\n            <\/div>\n          <\/div>\n          <div class=\"h-column h-column-container d-flex h-col-lg-auto h-col-md-auto h-col-auto style-753-outer style-local-5677-c19-outer\">\n            <div data-colibri-id=\"5677-c19\" class=\"d-flex h-flex-basis h-column__inner h-px-lg-2 h-px-md-2 h-px-2 v-inner-lg-2 v-inner-md-2 v-inner-2 style-753 style-local-5677-c19 position-relative\">\n              <!---->\n              <!---->\n              <div class=\"w-100 h-y-container h-column__content h-column__v-align flex-basis-100 align-self-lg-start align-self-md-start align-self-start\">\n                <!---->\n                <div data-colibri-id=\"5677-c20\" class=\"h-global-transition-all h-heading style-755 style-local-5677-c20 position-relative h-element\">\n                  <!---->\n                  <div class=\"h-heading__outer style-755 style-local-5677-c20\">\n                    <!---->\n                    <!---->\n                    <h2 class=\"\"><span style=\"font-size: 64%;\">Ga\u00eblle BERTHIER,&nbsp;<\/span><em style=\"font-size: 64%; color: rgb(32, 174, 236); font-family: &quot;Playfair Display&quot;;\">psychomotricienne<\/em><\/h2>\n                  <\/div>\n                <\/div>\n                <div data-colibri-id=\"5677-c21\" class=\"h-text h-text-component style-756 style-local-5677-c21 position-relative h-element\">\n                  <!---->\n                  <!---->\n                  <div class=\"\">\n                    <p>Elle propose des exercices ludiques pour travailler la m\u00e9moire.<\/p>\n                  <\/div>\n                <\/div>\n                <div data-colibri-id=\"5677-c22\" class=\"h-text h-text-component style-757 style-local-5677-c22 position-relative h-element\">\n                  <!---->\n                  <!---->\n                  <div class=\"\">\n                    <p>118 route de Villereversure<\/p>\n                    <p>01250 SIMANDRE-SUR-SURAN<\/p>\n                    <p>\n                      <br><span style=\"font-weight: 600; color: rgb(32, 174, 236);\">g<\/span><span style=\"font-weight: 600; color: rgb(32, 174, 236);\">aelle.berthier@protonmail.com<\/span><\/p>\n                    <p>\n                      <br>06 17 48 52 28<\/p>\n                  <\/div>\n                <\/div>\n              <\/div>\n            <\/div>\n          <\/div>\n        <\/div>\n      <\/div>\n    <\/div>\n  <\/div>\n  <div data-colibri-component=\"section\" data-colibri-id=\"5677-c23\" id=\"reusable-sections\" class=\"h-section h-section-global-spacing d-flex align-items-lg-center align-items-md-center align-items-center style-767 style-local-5677-c23 position-relative\">\n    <!---->\n    <!---->\n    <div class=\"h-section-grid-container h-section-fluid-container\">\n      <!---->\n      <div data-colibri-id=\"5677-c24\" class=\"h-row-container gutters-row-lg-0 gutters-row-md-0 gutters-row-0 gutters-row-v-lg-0 gutters-row-v-md-0 gutters-row-v-0 style-768 style-local-5677-c24 position-relative\">\n        <!---->\n        <div class=\"h-row justify-content-lg-center justify-content-md-center justify-content-center align-items-lg-stretch align-items-md-stretch align-items-stretch gutters-col-lg-0 gutters-col-md-0 gutters-col-0 gutters-col-v-lg-0 gutters-col-v-md-0 gutters-col-v-0\">\n          <!---->\n          <div class=\"h-column h-column-container d-flex h-col-lg-auto h-col-md-auto h-col-auto style-769-outer style-local-5677-c25-outer\">\n            <div data-colibri-id=\"5677-c25\" class=\"d-flex h-flex-basis h-column__inner h-px-lg-0 h-px-md-0 h-px-0 v-inner-lg-0 v-inner-md-0 v-inner-0 style-769 style-local-5677-c25 position-relative\">\n              <!---->\n              <!---->\n              <div class=\"w-100 h-y-container h-column__content h-column__v-align flex-basis-100 align-self-lg-start align-self-md-start align-self-start\">\n                <!---->\n                <div data-colibri-id=\"5677-c26\" class=\"h-global-transition-all h-heading style-938 style-local-5677-c26 position-relative h-element\">\n                  <!---->\n                  <div class=\"h-heading__outer style-938 style-local-5677-c26\">\n                    <!---->\n                    <!---->\n                    <h2 class=\"\"><span style=\"font-size: 64%;\">G\u00e4elle LANIER,&nbsp;<\/span><em style=\"font-family: &quot;Playfair Display&quot;; color: rgb(32, 174, 236); font-size: 64%;\">\u00e9crivaine publique<\/em><\/h2>\n                  <\/div>\n                <\/div>\n                <div data-colibri-id=\"5677-c27\" class=\"h-text h-text-component style-771 style-local-5677-c27 position-relative h-element\">\n                  <!---->\n                  <!---->\n                  <div class=\"\">\n                    <p><span style=\"font-weight: 400; font-size: 16px; font-family: &quot;Open Sans&quot;; color: rgb(70, 112, 127);\">Elle Intervient \u00e0 la r\u00e9sidence Haissor pour des ateliers d\u2019\u00e9criture.<\/span><\/p>\n                  <\/div>\n                <\/div>\n                <div data-colibri-id=\"5677-c28\" class=\"h-text h-text-component style-772 style-local-5677-c28 position-relative h-element\">\n                  <!---->\n                  <!---->\n                  <div class=\"\">\n                    <p><strong>ESS&#8217;AIN<\/strong><\/p>\n                    <p>L&#8217;atelier du porte-plume<\/p>\n                    <p><span style=\"color: rgb(32, 174, 236); font-weight: 600;\">gaellelanier35@gmail.com<\/span><\/p>\n                    <p>06 26 98 38 17<\/p>\n                  <\/div>\n                <\/div>\n              <\/div>\n            <\/div>\n          <\/div>\n          <div class=\"h-column h-column-container d-flex h-col-lg-auto h-col-md-auto h-col-auto style-773-outer style-local-5677-c29-outer\">\n            <div data-colibri-id=\"5677-c29\" class=\"d-flex h-flex-basis h-column__inner h-ui-empty-state-container h-px-lg-2 h-px-md-2 h-px-2 v-inner-lg-2 v-inner-md-2 v-inner-2 style-773 style-local-5677-c29 position-relative\">\n              <!---->\n              <!---->\n              <div class=\"w-100 h-y-container h-column__content h-column__v-align flex-basis-100\">\n                <!---->\n              <\/div>\n            <\/div>\n          <\/div>\n        <\/div>\n      <\/div>\n    <\/div>\n  <\/div>\n  <div data-colibri-component=\"section\" data-colibri-id=\"5677-c30\" id=\"about-3\" class=\"h-section h-section-global-spacing d-flex align-items-lg-center align-items-md-center align-items-center style-750 style-local-5677-c30 position-relative\">\n    <!---->\n    <!---->\n    <div class=\"h-section-grid-container h-section-fluid-container\">\n      <!---->\n      <div data-colibri-id=\"5677-c31\" class=\"h-row-container gutters-row-lg-0 gutters-row-md-0 gutters-row-0 gutters-row-v-lg-0 gutters-row-v-md-0 gutters-row-v-0 style-751 style-local-5677-c31 position-relative\">\n        <!---->\n        <div class=\"h-row justify-content-lg-center justify-content-md-center justify-content-center align-items-lg-stretch align-items-md-stretch align-items-stretch gutters-col-lg-0 gutters-col-md-0 gutters-col-0 gutters-col-v-lg-0 gutters-col-v-md-0 gutters-col-v-0\">\n          <!---->\n          <div class=\"h-column h-column-container d-flex h-col-lg-auto h-col-md-auto h-col-auto style-752-outer style-local-5677-c32-outer\">\n            <div data-colibri-id=\"5677-c32\" class=\"d-flex h-flex-basis h-column__inner h-ui-empty-state-container h-px-lg-0 h-px-md-0 h-px-0 v-inner-lg-0 v-inner-md-0 v-inner-0 style-752 style-local-5677-c32 position-relative\">\n              <!---->\n              <!---->\n              <div class=\"w-100 h-y-container h-column__content h-column__v-align flex-basis-100\">\n                <!---->\n              <\/div>\n            <\/div>\n          <\/div>\n          <div class=\"h-column h-column-container d-flex h-col-lg-auto h-col-md-auto h-col-auto style-753-outer style-local-5677-c33-outer\">\n            <div data-colibri-id=\"5677-c33\" class=\"d-flex h-flex-basis h-column__inner h-px-lg-2 h-px-md-2 h-px-2 v-inner-lg-2 v-inner-md-2 v-inner-2 style-753 style-local-5677-c33 position-relative\">\n              <!---->\n              <!---->\n              <div class=\"w-100 h-y-container h-column__content h-column__v-align flex-basis-100 align-self-lg-start align-self-md-start align-self-start\">\n                <!---->\n                <div data-colibri-id=\"5677-c34\" class=\"h-global-transition-all h-heading style-755 style-local-5677-c34 position-relative h-element\">\n                  <!---->\n                  <div class=\"h-heading__outer style-755 style-local-5677-c34\">\n                    <!---->\n                    <!---->\n                    <h2 class=\"\"><span style=\"font-size: 64%;\">\u00c9milie COLLANGES,&nbsp;<\/span><em style=\"font-size: 64%; font-family: &quot;Playfair Display&quot;; color: rgb(32, 174, 236);\">bamboo chocolat<\/em><\/h2>\n                  <\/div>\n                <\/div>\n                <div data-colibri-id=\"5677-c36\" class=\"h-text h-text-component style-757 style-local-5677-c36 position-relative h-element\">\n                  <!---->\n                  <!---->\n                  <div class=\"\">\n                    <p>1216 route de neuville-Challes<\/p>\n                    <p>01250 Hautecourt-Roman\u00e8che<\/p>\n                    <p>\n                      <br>\n                    <\/p>\n                    <p><span style=\"font-weight: 400; color: rgb(36, 36, 36); font-size: 15px;\">06 15 49 84 64<\/span><\/p>\n                  <\/div>\n                <\/div>\n              <\/div>\n            <\/div>\n          <\/div>\n        <\/div>\n      <\/div>\n    <\/div>\n  <\/div>\n<\/div>","protected":false},"excerpt":{"rendered":"<p>Mara-Sofia MORALES, c\u00e9ramiste Elle apprend les gestes simples pour modeler la terre et prendre du plaisir \u00e0 r\u00e9aliser de beaux objets. Ters art &amp; c\u00e9ramique&nbsp; 611 Cleyriat 01270, Salavre France ters.artceramique@gmail.com\ufeff 07 66 62 69 80 www.ters-art-ceramique.fr Claudine LECOT, sophrologue Elle anime des ateliers de relaxation, d\u00e9tente et bien-\u00eatre. Cabinet Brou Victor Hugo 62 boulevard [&hellip;]<\/p>\n","protected":false},"author":1,"featured_media":0,"parent":0,"menu_order":0,"comment_status":"closed","ping_status":"closed","template":"page-templates\/full-width-page.php","meta":{"_monsterinsights_skip_tracking":false,"_monsterinsights_sitenote_active":false,"_monsterinsights_sitenote_note":"","_monsterinsights_sitenote_category":0,"footnotes":""},"class_list":["post-5677","page","type-page","status-publish","hentry"],"aioseo_notices":[],"_links":{"self":[{"href":"https:\/\/admrbresserevermont.com\/index.php\/wp-json\/wp\/v2\/pages\/5677","targetHints":{"allow":["GET"]}}],"collection":[{"href":"https:\/\/admrbresserevermont.com\/index.php\/wp-json\/wp\/v2\/pages"}],"about":[{"href":"https:\/\/admrbresserevermont.com\/index.php\/wp-json\/wp\/v2\/types\/page"}],"author":[{"embeddable":true,"href":"https:\/\/admrbresserevermont.com\/index.php\/wp-json\/wp\/v2\/users\/1"}],"replies":[{"embeddable":true,"href":"https:\/\/admrbresserevermont.com\/index.php\/wp-json\/wp\/v2\/comments?post=5677"}],"version-history":[{"count":20,"href":"https:\/\/admrbresserevermont.com\/index.php\/wp-json\/wp\/v2\/pages\/5677\/revisions"}],"predecessor-version":[{"id":8814,"href":"https:\/\/admrbresserevermont.com\/index.php\/wp-json\/wp\/v2\/pages\/5677\/revisions\/8814"}],"wp:attachment":[{"href":"https:\/\/admrbresserevermont.com\/index.php\/wp-json\/wp\/v2\/media?parent=5677"}],"curies":[{"name":"wp","href":"https:\/\/api.w.org\/{rel}","templated":true}]}}